{"id":14,"date":"2019-01-24T14:10:29","date_gmt":"2019-01-24T14:10:29","guid":{"rendered":"http:\/\/baricdraga.com.hr\/?page_id=14"},"modified":"2026-03-11T12:56:19","modified_gmt":"2026-03-11T12:56:19","slug":"naslovnica","status":"publish","type":"page","link":"https:\/\/baricdraga.com.hr\/","title":{"rendered":"Bari\u0107 Draga &#8211; najbolji odmor na Jadranu"},"content":{"rendered":"<div class=\"wp-block-image\">\n<figure class=\"alignright\"><img loading=\"lazy\" decoding=\"async\" width=\"209\" height=\"296\" src=\"http:\/\/baricdraga.com.hr\/wp-content\/uploads\/2019\/01\/n1.jpg\" alt=\"\" class=\"wp-image-84\"\/><figcaption class=\"wp-element-caption\"> <br><strong>Bari\u0107 Draga, Hrvatska<\/strong> <\/figcaption><\/figure>\n<\/div>\n\n\n<p><strong>Lokacija:<\/strong><br> Ku\u0107a pokraj mora udaljena 100 metara \nod pla\u017ee. Sa lijepim pogledom na  otok Pag. Bari\u0107 Draga je malo ribarsko\n mjesto sa kristalno \u010distim morem u  podno\u017eju Velebita, nedaleko od \nnacionalnog parka Starigrad Paklenica.  Idealno za ljude koji tra\u017ee \nodmor u prirodi.<\/p>\n\n\n\n<p><strong>Opis objekta<\/strong>:<br> Prizemlje se sastoji od kuhinje sa\n dnevnom boravkom, dva kau\u010da na  razvla\u010denje, stol, stolice i televizor,\n natkrivena tersa, kupaonica sa  tu\u0161 kadom. Kat se sastoji od dvije sobe\n od koje je u jednoj bra\u010dni  krevet s ormarom i balkonom, te u drugoj 2 \nkreveta.<\/p>\n\n\n\n<p><strong>Oprema:<\/strong><br>Klima ure\u0111aj, satelitska i zemaljska televizija. Telefon i internet, topla voda, dva fri\u017eidera.<\/p>\n\n\n\n<p>Google maps:<\/p>\n\n\n\n<iframe loading=\"lazy\" src=\"https:\/\/www.google.com\/maps\/embed?pb=!1m18!1m12!1m3!1d2851.809795634426!2d15.266006415895724!3d44.37549597910314!2m3!1f0!2f0!3f0!3m2!1i1024!2i768!4f13.1!3m3!1m2!1s0x476189b0e347b809%3A0xe879ef1e8c0aed35!2sBaric+Draga+-+home+for+rent!5e0!3m2!1shr!2shr!4v1548512998010\" width=\"400\" height=\"300\" frameborder=\"0\" style=\"border:0\" allowfullscreen><\/iframe>\n\n\n\n<p><strong>Ostale informacije:<\/strong><\/p>\n\n\n\n<p>&#8211; 18 km od nacionalnog parka Starigrad Paklenica<br> &#8211; 4 km do najbli\u017eeg du\u0107ana<br> &#8211; 2 parkirna mjesta iza ku\u0107e<br> &#8211; Ku\u0107ni ljubimci su dobrodo\u0161li<br>&#8211; 100 m do prve pla\u017ee<br> <br> <strong>Skype:<\/strong> mariod89<br> <strong>e-mail:<\/strong> <a href=\"mailto:rezervacije@baricdraga.com.hr\">rezervacije@baricdraga.com.hr<\/a><br> <strong>mobitel:<\/strong> +385 98 662 146<br><strong>\u00a0fax:<\/strong> +385 1 2331 151<\/p>\n","protected":false},"excerpt":{"rendered":"<p>Lokacija: Ku\u0107a pokraj mora udaljena 100 metara od pla\u017ee. Sa lijepim pogledom na otok Pag. Bari\u0107 Draga je malo ribarsko mjesto sa kristalno \u010distim morem u podno\u017eju Velebita, nedaleko od nacionalnog parka Starigrad Paklenica. Idealno za ljude koji tra\u017ee odmor u prirodi. Opis objekta: Prizemlje se sastoji od kuhinje sa dnevnom boravkom, dva kau\u010da na &hellip; <a href=\"https:\/\/baricdraga.com.hr\/\" class=\"more-link\">Nastavi \u010ditati<span class=\"screen-reader-text\"> &#8220;Bari\u0107 Draga &#8211; najbolji odmor na Jadranu&#8221;<\/span><\/a><\/p>\n","protected":false},"author":2,"featured_media":0,"parent":0,"menu_order":0,"comment_status":"closed","ping_status":"closed","template":"","meta":{"footnotes":""},"class_list":["post-14","page","type-page","status-publish","hentry"],"_links":{"self":[{"href":"https:\/\/baricdraga.com.hr\/index.php?rest_route=\/wp\/v2\/pages\/14","targetHints":{"allow":["GET"]}}],"collection":[{"href":"https:\/\/baricdraga.com.hr\/index.php?rest_route=\/wp\/v2\/pages"}],"about":[{"href":"https:\/\/baricdraga.com.hr\/index.php?rest_route=\/wp\/v2\/types\/page"}],"author":[{"embeddable":true,"href":"https:\/\/baricdraga.com.hr\/index.php?rest_route=\/wp\/v2\/users\/2"}],"replies":[{"embeddable":true,"href":"https:\/\/baricdraga.com.hr\/index.php?rest_route=%2Fwp%2Fv2%2Fcomments&post=14"}],"version-history":[{"count":11,"href":"https:\/\/baricdraga.com.hr\/index.php?rest_route=\/wp\/v2\/pages\/14\/revisions"}],"predecessor-version":[{"id":221,"href":"https:\/\/baricdraga.com.hr\/index.php?rest_route=\/wp\/v2\/pages\/14\/revisions\/221"}],"wp:attachment":[{"href":"https:\/\/baricdraga.com.hr\/index.php?rest_route=%2Fwp%2Fv2%2Fmedia&parent=14"}],"curies":[{"name":"wp","href":"https:\/\/api.w.org\/{rel}","templated":true}]}}