{"id":198,"date":"2019-01-26T16:28:25","date_gmt":"2019-01-26T16:28:25","guid":{"rendered":"http:\/\/baricdraga.com.hr\/?page_id=198"},"modified":"2019-01-26T16:28:26","modified_gmt":"2019-01-26T16:28:26","slug":"pravila-privatnosti","status":"publish","type":"page","link":"https:\/\/baricdraga.com.hr\/?page_id=198","title":{"rendered":"Pravila privatnosti"},"content":{"rendered":"\n<p><strong>Tko smo mi<\/strong><\/p>\n\n\n\n<p>Adresa na\u0161e web-stranice je: <a href=\"http:\/\/baricdraga.com.hr.\">http:\/\/baricdraga.com.hr<\/a><a href=\"http:\/\/baricdraga.com.hr\">.<\/a><\/p>\n\n\n\n<p><strong>Koje osobne podatke prikupljamo i za\u0161to<\/strong><\/p>\n\n\n\n<p><strong>Kontakt forme<\/strong><\/p>\n\n\n\n<p>Podatke iz kontakt forme koristimo samo za slanje odgovora i ni u jednu drugu svrhu.<\/p>\n\n\n\n<p><strong>Kola\u010di\u0107i<\/strong><\/p>\n\n\n\n<p>Internet stranica koristi kola\u010di\u0107e samo u tehni\u010dke svrhe kako bi  mogla ispravno funkcionirati te za pobolj\u0161anje korisni\u010dkog  iskustva(odabir jezika HR \/ EN \/ DE).<\/p>\n\n\n\n<p><strong>Ugra\u0111eni sadr\u017eaj s drugih web-stranica<\/strong><\/p>\n\n\n\n<p>\u010clanci na ovoj web-stranici mogu sadr\u017eavati ugra\u0111eni sadr\u017eaj (npr. \nvideo, slike, \u010dlanke, itd.). Ugra\u0111eni sadr\u017eaj sa drugih web-stranica \npona\u0161a se istovjetno kao da je posjetitelj posjetio tu drugu \nweb-stranicu.<\/p>\n\n\n\n<p>Ove web-stranice mo\u017eda prikupljaju podatke o vama, koriste kola\u010di\u0107e, \nimaju ugra\u0111eno dodatno pra\u0107enje od tre\u0107ih strana, i nadgledaju va\u0161u \ninterakciju s tim ugra\u0111enim sadr\u017eajem, uklju\u010duju\u0107i pra\u0107enje va\u0161e \ninterakcije s ugra\u0111enim sadr\u017eajem ako imate ra\u010dun i prijavljeni ste na \nweb-stranici.<\/p>\n\n\n\n<p><strong>Analitike<\/strong><\/p>\n\n\n\n<p>Ne prikupljamo Va\u0161e podatke u svrhe analitike.<\/p>\n\n\n\n<p><strong>S kime dijelimo va\u0161e podatke<\/strong><\/p>\n\n\n\n<p>Va\u0161e podatke ne prikupljamo te stoga niti dijelimo sa tre\u0107im stranama.<\/p>\n\n\n\n<p><strong>Koliko dugo \u010duvamo va\u0161e podatke<\/strong><\/p>\n\n\n\n<p>Va\u0161e podatke ne prikupljamo te stoga niti ne \u010duvamo.<\/p>\n\n\n\n<p><strong>Koja prava imate nad svojim podacima<\/strong><\/p>\n\n\n\n<p>U svakom trenutku imate pravo zatra\u017eiti informacije o Va\u0161im podatcima.<\/p>\n\n\n\n<p><strong>Va\u0161e kontakt informacije<\/strong><\/p>\n\n\n\n<p>Za sve upite vezane uz Pravila privatnosti i Za\u0161titu podataka kontaktirajte nas putem e-mail adrese: <a href=\"mailto: rezervacije@baricdraga.com.hr\">rezervacije@baricdraga.com.hr<\/a><strong>.<\/strong><\/p>\n","protected":false},"excerpt":{"rendered":"<p>Tko smo mi Adresa na\u0161e web-stranice je: http:\/\/baricdraga.com.hr. Koje osobne podatke prikupljamo i za\u0161to Kontakt forme Podatke iz kontakt forme koristimo samo za slanje odgovora i ni u jednu drugu svrhu. Kola\u010di\u0107i Internet stranica koristi kola\u010di\u0107e samo u tehni\u010dke svrhe kako bi mogla ispravno funkcionirati te za pobolj\u0161anje korisni\u010dkog iskustva(odabir jezika HR \/ EN \/ &hellip; <a href=\"https:\/\/baricdraga.com.hr\/?page_id=198\" class=\"more-link\">Nastavi \u010ditati<span class=\"screen-reader-text\"> &#8220;Pravila privatnosti&#8221;<\/span><\/a><\/p>\n","protected":false},"author":2,"featured_media":0,"parent":0,"menu_order":0,"comment_status":"closed","ping_status":"open","template":"","meta":{"footnotes":""},"class_list":["post-198","page","type-page","status-publish","hentry"],"_links":{"self":[{"href":"https:\/\/baricdraga.com.hr\/index.php?rest_route=\/wp\/v2\/pages\/198","targetHints":{"allow":["GET"]}}],"collection":[{"href":"https:\/\/baricdraga.com.hr\/index.php?rest_route=\/wp\/v2\/pages"}],"about":[{"href":"https:\/\/baricdraga.com.hr\/index.php?rest_route=\/wp\/v2\/types\/page"}],"author":[{"embeddable":true,"href":"https:\/\/baricdraga.com.hr\/index.php?rest_route=\/wp\/v2\/users\/2"}],"replies":[{"embeddable":true,"href":"https:\/\/baricdraga.com.hr\/index.php?rest_route=%2Fwp%2Fv2%2Fcomments&post=198"}],"version-history":[{"count":1,"href":"https:\/\/baricdraga.com.hr\/index.php?rest_route=\/wp\/v2\/pages\/198\/revisions"}],"predecessor-version":[{"id":199,"href":"https:\/\/baricdraga.com.hr\/index.php?rest_route=\/wp\/v2\/pages\/198\/revisions\/199"}],"wp:attachment":[{"href":"https:\/\/baricdraga.com.hr\/index.php?rest_route=%2Fwp%2Fv2%2Fmedia&parent=198"}],"curies":[{"name":"wp","href":"https:\/\/api.w.org\/{rel}","templated":true}]}}