{"id":28,"date":"2019-01-24T14:31:08","date_gmt":"2019-01-24T14:31:08","guid":{"rendered":"http:\/\/baricdraga.com.hr\/?page_id=28"},"modified":"2019-01-26T13:49:09","modified_gmt":"2019-01-26T13:49:09","slug":"kristalno-cisto-more","status":"publish","type":"page","link":"https:\/\/baricdraga.com.hr\/?page_id=28","title":{"rendered":"Kristalno \u010disto more"},"content":{"rendered":"\n<div class=\"wp-block-image\"><figure class=\"aligncenter\"><img loading=\"lazy\" decoding=\"async\" width=\"650\" height=\"220\" src=\"http:\/\/baricdraga.com.hr\/wp-content\/uploads\/2019\/01\/k1.jpg\" alt=\"\" class=\"wp-image-121\" srcset=\"https:\/\/baricdraga.com.hr\/wp-content\/uploads\/2019\/01\/k1.jpg 650w, https:\/\/baricdraga.com.hr\/wp-content\/uploads\/2019\/01\/k1-300x102.jpg 300w\" sizes=\"auto, (max-width: 650px) 85vw, 650px\" \/><\/figure><\/div>\n\n\n\n<p>Hrvatski Jadran je jedno od najljep\u0161ih svjetskih mora koje \u010disto\u0107om  \nspada u sam svjetski vrh. Turisti\u010dkoj atraktivnosti pridonosi i njegova \n boja i prozirnost koja se pove\u0107ava prema jugu i pu\u010dini. Prosje\u010dna  \nprozirnost Jadrana iznosi od 20 do 33 m, a najve\u0107a prozirnost izmjerena \n je na pu\u010dinskom dijelu i iznosi 56 m, a ona je pokazatelj \u010disto\u0107e mora.\n  Kao pokazatelj \u010disto\u0107e mora je i endem Jadranskog mora &#8211; jadranski  \nbra\u010di\u0107 (<em>Fucus virsoides<\/em>), te dobri dupini.<\/p>\n\n\n\n<p>Web: <a href=\"http:\/\/baltazar.izor.hr:7777\/plazepub\/kakvoca_detalji7?p_god=2011&amp;p_grad=Karlobag&amp;p_zup_id=5&amp;p_lok_id=5001\" target=\"_blank\" rel=\"noreferrer noopener\">www.izor.hr\/kakvoca\/<\/a><\/p>\n\n\n\n<p>Mirna priroda, \u010disto more, opu\u0161tanje &#8211; \u0161to vam jo\u0161 treba?<\/p>\n\n\n\n<p>Bari\u0107 Draga je mirno turisti\u010dko mjesto podno Velebita. Udaljeno je od\n Zadra 65 kilometara. Za one koji \u017eele svoj mir, dolazak u ovo mjesto \ndefinitivno ih ne\u0107e razo\u010darati. Ovdje ne\u0107ete u\u017eivati u no\u0107nim klubovima i\n luksuznim casinima. Ako \u0107e vas u bilo kojem trenutku uhvatiti \u017eelja da \nodigrate <a target=\"_blank\" href=\"http:\/\/hr.playmillion.com\/\" rel=\"noreferrer noopener\">casino igre<\/a>, najbolje je da se spustite do Zadra i za manje od sat vremena zabava mo\u017ee po\u010deti.<\/p>\n\n\n\n<p>Ovo mjesto ne\u0107e vam pru\u017eiti mnogo uzbu\u0111enja, no zasigurno \u0107e vam \nostati u sje\u0107anju jer \u0107e vas o\u010darati svojom idilom. Idealno je \nopu\u0161tanje. To vam se svi\u0111a, no vi ste tip \u010dovjeka koji u svemu tra\u017ei \ntra\u010dak uzbu\u0111enja. Ne brinite se, ima rje\u0161enja i za vas. Bari\u0107 Draga \nnalazi se nedaleko od nacionalnog parka Starigrad Paklenica, idealnog \nmjesta za odlazak u prirodu. No ako preferirate ostati u svom apartmanu,\n zaigrajte neki rulet ili <a target=\"_blank\" href=\"http:\/\/hr.playmillion.com\/igre\/blackjack\/\" rel=\"noreferrer noopener\">blackjack online<\/a> koji \u0107e vam pru\u017eiti potrebnu dozu adrenalina.<\/p>\n\n\n\n<p>Kristalno \u010disto more zapanjit \u0107e vas svojom bistro\u0107om i prozirno\u0161\u0107u. \nRiba iz ovog dijela Jadrana je vrhunske kvalitete jer je na\u0161iroko \npoznata \u010disto\u0107a i kvaliteta mora u podvelebitskom kraju.  Doma\u0107ini su \nvrlo gostoljubivi. Nitko vas ne\u0107e smatrati omra\u017eenim turistima nego \u0107e \nvas ljudi toplo prihvatiti kao prijatelje. Rezervirajte smje\u0161taj jo\u0161 \ndanas i priu\u0161tite sebi odmor kakav \u0107ete pamtiti.<\/p>\n","protected":false},"excerpt":{"rendered":"<p>Hrvatski Jadran je jedno od najljep\u0161ih svjetskih mora koje \u010disto\u0107om spada u sam svjetski vrh. Turisti\u010dkoj atraktivnosti pridonosi i njegova boja i prozirnost koja se pove\u0107ava prema jugu i pu\u010dini. Prosje\u010dna prozirnost Jadrana iznosi od 20 do 33 m, a najve\u0107a prozirnost izmjerena je na pu\u010dinskom dijelu i iznosi 56 m, a ona je pokazatelj &hellip; <a href=\"https:\/\/baricdraga.com.hr\/?page_id=28\" class=\"more-link\">Nastavi \u010ditati<span class=\"screen-reader-text\"> &#8220;Kristalno \u010disto more&#8221;<\/span><\/a><\/p>\n","protected":false},"author":2,"featured_media":0,"parent":0,"menu_order":0,"comment_status":"closed","ping_status":"closed","template":"","meta":{"footnotes":""},"class_list":["post-28","page","type-page","status-publish","hentry"],"_links":{"self":[{"href":"https:\/\/baricdraga.com.hr\/index.php?rest_route=\/wp\/v2\/pages\/28","targetHints":{"allow":["GET"]}}],"collection":[{"href":"https:\/\/baricdraga.com.hr\/index.php?rest_route=\/wp\/v2\/pages"}],"about":[{"href":"https:\/\/baricdraga.com.hr\/index.php?rest_route=\/wp\/v2\/types\/page"}],"author":[{"embeddable":true,"href":"https:\/\/baricdraga.com.hr\/index.php?rest_route=\/wp\/v2\/users\/2"}],"replies":[{"embeddable":true,"href":"https:\/\/baricdraga.com.hr\/index.php?rest_route=%2Fwp%2Fv2%2Fcomments&post=28"}],"version-history":[{"count":2,"href":"https:\/\/baricdraga.com.hr\/index.php?rest_route=\/wp\/v2\/pages\/28\/revisions"}],"predecessor-version":[{"id":122,"href":"https:\/\/baricdraga.com.hr\/index.php?rest_route=\/wp\/v2\/pages\/28\/revisions\/122"}],"wp:attachment":[{"href":"https:\/\/baricdraga.com.hr\/index.php?rest_route=%2Fwp%2Fv2%2Fmedia&parent=28"}],"curies":[{"name":"wp","href":"https:\/\/api.w.org\/{rel}","templated":true}]}}