{"id":34,"date":"2019-01-24T14:35:19","date_gmt":"2019-01-24T14:35:19","guid":{"rendered":"http:\/\/baricdraga.com.hr\/?page_id=34"},"modified":"2019-01-26T14:11:51","modified_gmt":"2019-01-26T14:11:51","slug":"starigrad-paklenica","status":"publish","type":"page","link":"https:\/\/baricdraga.com.hr\/?page_id=34","title":{"rendered":"Starigrad Paklenica"},"content":{"rendered":"\n<div class=\"wp-block-image\"><figure class=\"aligncenter\"><img loading=\"lazy\" decoding=\"async\" width=\"650\" height=\"220\" src=\"http:\/\/baricdraga.com.hr\/wp-content\/uploads\/2019\/01\/s1.jpg\" alt=\"\" class=\"wp-image-147\" srcset=\"https:\/\/baricdraga.com.hr\/wp-content\/uploads\/2019\/01\/s1.jpg 650w, https:\/\/baricdraga.com.hr\/wp-content\/uploads\/2019\/01\/s1-300x102.jpg 300w\" sizes=\"auto, (max-width: 650px) 85vw, 650px\" \/><\/figure><\/div>\n\n\n\n<p>Podru\u010dje Nacionalnog parka  Paklenica odlikuje iznimna raznolikost geomorfolo\u0161kih oblika. <\/p>\n\n\n\n<div class=\"wp-block-image\"><figure class=\"alignleft\"><img loading=\"lazy\" decoding=\"async\" width=\"400\" height=\"300\" src=\"http:\/\/baricdraga.com.hr\/wp-content\/uploads\/2019\/01\/s2.jpg\" alt=\"\" class=\"wp-image-149\" srcset=\"https:\/\/baricdraga.com.hr\/wp-content\/uploads\/2019\/01\/s2.jpg 400w, https:\/\/baricdraga.com.hr\/wp-content\/uploads\/2019\/01\/s2-300x225.jpg 300w\" sizes=\"auto, (max-width: 400px) 85vw, 400px\" \/><\/figure><\/div>\n\n\n\n<p>Svakako najatraktivniji i najvrjedniji  dijelovi ju\u017enog Velebita jesu zadivljuju\u0107i kanjoni Velike i Male Paklenice.<br> <br> <strong>Kanjon Velike Paklenice<\/strong>\n duljine je 14 km, a \u0161irine 500-800 m. U svom naju\u017eem dijelu,  oko  \nbunkera, kanjon je \u0161irok svega 50   m. S obje strane kanjona uzdi\u017eu se  \nvertikalne stijene,  od kojih su neke vi\u0161e i od 700 m. Najatraktivniji  \ndio predstavlja predio strmog  pada potoka nizvodno od Ani\u0107a luke, gdje \n se strmi kukovi uzdi\u017eu odmah iznad  potoka i tvore naju\u017ei dio kanjona u\n  podru\u010dju izme\u0111u Ani\u0107a luke i parkirali\u0161ta.<\/p>\n\n\n\n<p><strong>Kanjon Male Paklenice<\/strong> skromnijih je \nrazmjera i bujica \u0161to njime te\u010de znatno je slabija. Dug  je 12 km, a \n\u0161irok 400-500 m. U svom naju\u017eem dijelu  je \u0161irok tek 10 m,   dok se \nokolne stijene uzdi\u017eu do visine od 650 m. Prijelaz izme\u0111u kanjona  \nVelike i Male  Paklenice \u010dini izrazito nepristupa\u010dan kr\u0161ki prostor  \nkamenjara i kukova.<\/p>\n\n\n\n<p>Za sredi\u0161nji dio Parka  reprezentativan je reljefni kompleks <strong>Borovnika <\/strong>i<strong> Crnog vrha<\/strong>, a u njegovoj se  blizini nalaze udolinska pro\u0161irenja <strong>Malih<\/strong> i <strong>Velikih Mo\u010dila<\/strong>. Velika Mo\u010dila su reljefno vrlo zanimljiva zdjelasta  udolina na visini od 850 m\/nm, okru\u017eena <strong>Crnim  vrhom<\/strong> (1 110 m\/nm), <strong>\u0160kiljinom kosom<\/strong> (1 015 m\/nm) i <strong>Zelenim brigom<\/strong> (842  m\/nm), dok se&nbsp; ju\u017enim rubom prostire  Borovnik, prozvan po \u0161umi crnog bora.<\/p>\n\n\n\n<p>Isto\u010dni je dio Parka   geomorfolo\u0161ki izrazito \ndiferenciran, nepristupa\u010dan i divlji. Dalje na  istok ova  zona divljine\n prelazi u podru\u010dje bla\u017eih formi u predjelu  Malog i Velikog  Libinja, \nkoje \u010dine kr\u0161ke zaravni s mnogobrojnim  ponikvama \u010dija su dna uglavnom  \nbila obra\u0111ena.<\/p>\n\n\n\n<p>Vr\u0161no podru\u010dje Nacionalnog   parka Paklenica \u010dini  uski greben Velebita, \u0161irine od 1 do 3 km. Tu se  nalazi najvi\u0161i vrh   Velebita \u2013 <strong>Vaganski vrh <\/strong>(1757 m\/nm).<\/p>\n\n\n\n<figure class=\"wp-block-image\"><img loading=\"lazy\" decoding=\"async\" width=\"400\" height=\"269\" src=\"http:\/\/baricdraga.com.hr\/wp-content\/uploads\/2019\/01\/s3.jpg\" alt=\"\" class=\"wp-image-151\" srcset=\"https:\/\/baricdraga.com.hr\/wp-content\/uploads\/2019\/01\/s3.jpg 400w, https:\/\/baricdraga.com.hr\/wp-content\/uploads\/2019\/01\/s3-300x202.jpg 300w\" sizes=\"auto, (max-width: 400px) 85vw, 400px\" \/><\/figure>\n\n\n\n<p>Geolo\u0161ke osobitosti  Nacionalnog parka vidljive su po ljutom kr\u0161u u podru\u010dju <strong>Bojinca<\/strong><em>, <\/em><strong>Vidakovog kuka<\/strong>\n i na platou izme\u0111u obaju  kanjona. Ondje je obilje mnogobrojnih oblika \n kr\u0161kog reljefa, kao \u0161to su \u0161krape,  \u017elibe, kamenice, rupe, pukotine i  \n\u0161pilje koje nastaju intenzivnim djelovanjem  vode, ali i velikim  \ntemperaturnim razlikama tijekom pojedinih godi\u0161njih doba.<br> <br><\/p>\n\n\n\n<p><strong><em>Podzemlje<\/em><\/strong><\/p>\n\n\n\n<p>&#8220;&#8230; <em>s punim pravom  mo\u017eemo re\u0107i, da je  \nPaklenica isto tako, ako ne i ljep\u0161a podzemno, kao  \u0161to je i lijepa i \ndivlja  nadzemnom svojom \u0161umom i svojim strmim  liticama<\/em>.&#8221; (Josip Poljak 1929.)<\/p>\n\n\n\n<p>Nacionalni park Paklenica  obiluje  brojnim kr\u0161kim \nreljefnim oblicima, me\u0111u kojima su vrlo zna\u010dajni  podzemni  oblici, \n\u0161pilje i jame. Prvi pisani podatci o istra\u017eivanjima  speleolo\u0161kih  \nobjekata na podru\u010dju Parka potje\u010du iz 19.st., a povezani  su sa \nsakupljanjem i  istra\u017eivanjem \u0161piljskih kukaca. Do drugog  svjetskog \nrata istra\u017een je manji broj  \u0161pilja na prostoru Parka, a nakon  njega i \nprogla\u0161enja Paklenice Nacionalnim  parkom istra\u017eivanja se  provode \nkontinuirano s manjim ili ve\u0107im intenzitetom.<\/p>\n\n\n\n<p>Obra\u0111eni speleolo\u0161ki  objekti  izuzetno pove\u0107avaju \nvrijednosti Nacionalnog parka, budu\u0107i da se  radi o  zna\u010dajnim \npaleontolo\u0161kim, arheolo\u0161kim, biospeleolo\u0161kim,  turisti\u010dkim i  \netnografskim lokalitetima.<\/p>\n\n\n\n<p>Vrlo vrijedna paleontolo\u0161ka  nalazi\u0161ta su <strong>\u0160pilja u Zubu Buljme<\/strong> i <strong>Jama u Zubu Buljme<\/strong>. Tako je iz <strong>Jame u Zubu Buljme<\/strong> izva\u0111ena lubanja \u0161piljskog  medvjeda (<em>Ursus spelaeus<\/em>) stara oko  30 000 godina.<\/p>\n\n\n\n<p>Dio speleolo\u0161kih objekata na  podru\u010dju Nacionalnog parka Paklenica odavno je poznat lokalnom stanovni\u0161tvu. U <strong>Pe\u0107ini u Pazjanicama<\/strong> prona\u0111eni su  fragmenti keramike i kostiju koji ukazuju na povremen boravak ljudi jo\u0161 u  razdobljima bakrenog i bron\u010danog doba.<\/p>\n\n\n\n<p>Ljudi su koristili \u0161pilje  za  zaklon sve do prije \nnekoliko desetaka godina o \u010demu svjedo\u010de ostaci  podzida i  gospodarskih\n zgrada na ulaznim dijelovima desetak \u0161pilja.  Uglavnom je rije\u010d o  \nmalim objektima koje je u pro\u0161losti lokalno  stanovni\u0161tvo koristilo kao \n skloni\u0161ta i spremi\u0161ta za stoku i druga  dobra. Posebno se izdvajaju <strong>Babunju\u0161a<\/strong>, <strong>\u0160pilja kod Kne\u017eevi\u0107a<\/strong>, <strong>Mokra\u010da<\/strong>, <strong>Krumpirova pe\u0107ina<\/strong>, <strong>Marasovi\u0107a pe\u0107ina<\/strong> i <strong>Luk\u010deva pe\u0107ina<\/strong> (<strong>\u0160kilji\u0107a stan<\/strong>).<\/p>\n\n\n\n<p>Na podru\u010dju Parka dosad je  obra\u0111eno <strong>90 <\/strong>speleolo\u0161kih objekata i  to<strong> 53<\/strong> jame i <strong>37<\/strong> \u0161pilja. Najdublja jama je <strong>Ponor  na Bunjevcu<\/strong> duboka 534 m, jo\u0161 uvijek i jedna od  najdubljih jama u Hrvatskoj. Svojom dubinom jo\u0161 se isti\u010de <strong>Kaverna u Crljenom kuku<\/strong>\n dubine 152,5 m, a zna\u010dajna je i zbog  dimenzije dvorane, koja ima  \npromjer od preko 100 m i svrstava se u red  najve\u0107ih podzemnih \u0161upljina u\n  na\u0161em kr\u0161u. Posebno je atraktivna <strong>Jama lijepih fosila<\/strong> dubine 103 m, zbog velikih nakupina  fosilnih ostataka \u0161koljka\u0161a lithiotis.<\/p>\n\n\n\n<p>Najdulja \u0161pilja je <strong>Jama Vodarica<\/strong> duga 300 m, dok je <strong>\u0160pilja u Zubu Buljme<\/strong> duga 250 m. <strong>\u0160pilja Lucinka<\/strong>\n je 132 m duga, a 51 m visok ulaz u nju jedan je  od najve\u0107ih \u0161piljskih \n ulaza na podru\u010dju na\u0161eg kr\u0161a, a iznimnih dimenzija je i  njena  \nunutra\u0161njost.<\/p>\n\n\n\n<p>Specifi\u010dan oblik speleolo\u0161kih  objekata predstavljaju <strong><em>snje\u017enice<\/em> <\/strong>i <strong><em>ledenice<\/em><\/strong>,\n  a rije\u010d je o  \u0161piljama ili jamama u kojima se tijekom ve\u0107eg dijela ili\n  cijelu godinu zadr\u017eava  led ili snijeg, a koncentrirane su u vr\u0161nom  \ndijelu Parka. Pojedine snje\u017enice su  kori\u0161tene kao izvor pitke vode  \ntijekom ljetne ispa\u0161e.<\/p>\n\n\n\n<p><strong>Posje\u0107ivanje speleolo\u0161kih objekata i sakupljanje biolo\u0161kog i geolo\u0161kog  materijala je zabranjeno bez posebne najave i dozvole!<\/strong><\/p>\n\n\n\n<figure class=\"wp-block-image\"><img loading=\"lazy\" decoding=\"async\" width=\"400\" height=\"300\" src=\"http:\/\/baricdraga.com.hr\/wp-content\/uploads\/2019\/01\/s4.jpg\" alt=\"\" class=\"wp-image-154\" srcset=\"https:\/\/baricdraga.com.hr\/wp-content\/uploads\/2019\/01\/s4.jpg 400w, https:\/\/baricdraga.com.hr\/wp-content\/uploads\/2019\/01\/s4-300x225.jpg 300w\" sizes=\"auto, (max-width: 400px) 85vw, 400px\" \/><\/figure>\n\n\n\n<p><strong><em>Najdublji speleolo\u0161ki  objekti u Paklenici<\/em><\/strong><\/p>\n\n\n\n<ul class=\"wp-block-list\"><li>Ponor na Bunovcu (534 m) je najdbulji       objekt na Srednjem i Ju\u017enom Velebitu<\/li><li>Kaverna u Crljenom kuku (152 m)  geomorfolo\u0161ki je       izuzetno \nzna\u010dajna zbog&nbsp; dimenzija       podzemnih  dvorana promjera ve\u0107eg od 100 \nm, \u0161to je \u010dini jednom od najve\u0107ih        podzemnih \u0161upljina u na\u0161em kr\u0161u<\/li><li>Jama u Zubu Buljme (139 m) osim zbog dubine       zanimljiva je i po nalazu lubanje \u0161piljskog medvjeda<\/li><li>Jama pod Po\u010diteljskim vrhom(123 m)<\/li><li>Jama lijepih fosila (103 m)<\/li><\/ul>\n\n\n\n<p><strong><em>Najdu\u017ee \u0161pilje na podru\u010dju  Parka<\/em><\/strong><\/p>\n\n\n\n<ul class=\"wp-block-list\"><li>Jama Vodarica&nbsp; (300 m)<\/li><li>\u0160pilja u Zubu Buljme (250 m)<\/li><li>Medvi\u0111a \u0161pilja (215 m)<\/li><li>Manita pe\u0107 (175 m) jedna je od       najljep\u0161ih \u0161pilja Parka s mno\u0161tvom \u0161piljskih ukrasa. <\/li><li>\u0160pilja Lucinka (132 m) ima prema        veli\u010dini najvi\u0161i \u0161piljski \nulaz u Hrvatskoj (51 m). Unutarnje        dimenzije ove \u0161pilje tako\u0111er \nsu iznimne<\/li><\/ul>\n\n\n\n<p><strong><em>Vode<\/em><\/strong><\/p>\n\n\n\n<p>Vodonepropusni sedimenti su   smje\u0161teni ispod \ndobropropusnih i jako okr\u0161enih naslaga karbonatnih  stijena, u  \npro\u0161irenom dijelu Velike Paklenice, Brezimenja\u010de i u  izvori\u0161nim \ndijelovima Male  Paklenice te povremenog toka Orlja\u010de.&nbsp; <br> <br> Zbog \ntoga u Nacionalnom  parku Paklenica  postoji nekoliko stalnih ili \npovremenih tokova i mnogo stalnih  izvora.  Stalni izvori pitke vode, \nkoja se odlikuje izvrsnom kakvo\u0107om, jesu   Stra\u017ebenica, Kontinovo vrilo,\n Crno vrilo, Velika Mo\u010dila i Pe\u0107ica. <br> Najja\u010di izvor Velike  \nPaklenice je vrelo  Ivine vodice, na nadmorskoj visini od oko 1200 m, \nzatim  Kontinovo vrilo  na 870 m,  Crno vrilo na 780 m  i Juki\u0107a vrilo \nna 600 m.  Iznad Rami\u0107a  je izvor Vratrovac, a izvor povremenog vodotoka\n Brezimenja\u010de je na   otprilike 1000 m. Na istoj je visini izvori\u0161te \nSuhe drage.<\/p>\n\n\n\n<p>Potok Velika Paklenica  obi\u010dno  ponire na podru\u010dju  ispod Ani\u0107a luke. Cijelom svojom duljinom  protje\u010de do u\u0161\u0107a u  more  tijekom ki\u0161nog razdoblja u prolje\u0107e, jesen i  zimu.<\/p>\n\n\n\n<figure class=\"wp-block-image\"><img loading=\"lazy\" decoding=\"async\" width=\"400\" height=\"300\" src=\"http:\/\/baricdraga.com.hr\/wp-content\/uploads\/2019\/01\/s5.jpg\" alt=\"\" class=\"wp-image-158\" srcset=\"https:\/\/baricdraga.com.hr\/wp-content\/uploads\/2019\/01\/s5.jpg 400w, https:\/\/baricdraga.com.hr\/wp-content\/uploads\/2019\/01\/s5-300x225.jpg 300w\" sizes=\"auto, (max-width: 400px) 85vw, 400px\" \/><\/figure>\n\n\n\n<p>Vodotok Male Paklenice   izvire iznad Vla\u0161kogradske drage na oko 1 \n000 m, manjeg je kapaciteta, a  ovisi o  godi\u0161njem dobu i oborinama. \nVodotok postupno ponire do sutoka  Orlja\u010de, a u  kanjonu je potok \naktivan za ki\u0161nih jeseni, zime i ranog  prolje\u0107a, kada mu se na  koti od\n 484 m  ulijeva buji\u010dni tok Orlja\u010de koja  izvire ispod obronaka Svetog \nbrda.<br> Na podru\u010dju Velikih Mo\u010dila nalazi  se ogra\u0111eni  izvor Staro \nvrilo s jo\u0161 nekoliko cijednica. Njih ima i na  lokalitetu  Mala Mo\u010dila, \nali u vla\u017enijim dijelovima godine. U vr\u0161noj  zoni Velebita  stalne \nnakupine vode su u Babinu jezeru ispod Babina vrha.<\/p>\n\n\n\n<p>Vi\u0161e na: <a href=\"http:\/\/www.paklenica.hr\">http:\/\/www.paklenica.hr<\/a><\/p>\n","protected":false},"excerpt":{"rendered":"<p>Podru\u010dje Nacionalnog parka Paklenica odlikuje iznimna raznolikost geomorfolo\u0161kih oblika. Svakako najatraktivniji i najvrjedniji dijelovi ju\u017enog Velebita jesu zadivljuju\u0107i kanjoni Velike i Male Paklenice. Kanjon Velike Paklenice duljine je 14 km, a \u0161irine 500-800 m. U svom naju\u017eem dijelu, oko bunkera, kanjon je \u0161irok svega 50 m. S obje strane kanjona uzdi\u017eu se vertikalne stijene, od &hellip; <a href=\"https:\/\/baricdraga.com.hr\/?page_id=34\" class=\"more-link\">Nastavi \u010ditati<span class=\"screen-reader-text\"> &#8220;Starigrad Paklenica&#8221;<\/span><\/a><\/p>\n","protected":false},"author":2,"featured_media":0,"parent":0,"menu_order":0,"comment_status":"closed","ping_status":"closed","template":"","meta":{"footnotes":""},"class_list":["post-34","page","type-page","status-publish","hentry"],"_links":{"self":[{"href":"https:\/\/baricdraga.com.hr\/index.php?rest_route=\/wp\/v2\/pages\/34","targetHints":{"allow":["GET"]}}],"collection":[{"href":"https:\/\/baricdraga.com.hr\/index.php?rest_route=\/wp\/v2\/pages"}],"about":[{"href":"https:\/\/baricdraga.com.hr\/index.php?rest_route=\/wp\/v2\/types\/page"}],"author":[{"embeddable":true,"href":"https:\/\/baricdraga.com.hr\/index.php?rest_route=\/wp\/v2\/users\/2"}],"replies":[{"embeddable":true,"href":"https:\/\/baricdraga.com.hr\/index.php?rest_route=%2Fwp%2Fv2%2Fcomments&post=34"}],"version-history":[{"count":9,"href":"https:\/\/baricdraga.com.hr\/index.php?rest_route=\/wp\/v2\/pages\/34\/revisions"}],"predecessor-version":[{"id":159,"href":"https:\/\/baricdraga.com.hr\/index.php?rest_route=\/wp\/v2\/pages\/34\/revisions\/159"}],"wp:attachment":[{"href":"https:\/\/baricdraga.com.hr\/index.php?rest_route=%2Fwp%2Fv2%2Fmedia&parent=34"}],"curies":[{"name":"wp","href":"https:\/\/api.w.org\/{rel}","templated":true}]}}