{"id":66,"date":"2019-01-26T12:44:15","date_gmt":"2019-01-26T12:44:15","guid":{"rendered":"http:\/\/baricdraga.com.hr\/?page_id=66"},"modified":"2019-01-26T13:47:29","modified_gmt":"2019-01-26T13:47:29","slug":"geniesen-sie-die-landschaft","status":"publish","type":"page","link":"https:\/\/baricdraga.com.hr\/?page_id=66&lang=de","title":{"rendered":"Genie\u00dfen Sie die Landschaft"},"content":{"rendered":"\n<div class=\"wp-block-image\"><figure class=\"aligncenter\"><img decoding=\"async\" src=\"http:\/\/baricdraga.com.hr\/wp-content\/uploads\/2019\/01\/u1.jpg\" alt=\"\"\/><\/figure><\/div>\n\n\n\n<p>Das Haus liegt in der N\u00e4he des Strandes \n(100 m).Man sieht eine gr\u00fcne Fl\u00e4che mit vielen B\u00e4umen von der Terasse, \netwas weiter das Meer und in weiter Ferne die Insel Pag. Der Ort Bari\u0107 \nDraga befindet sich in einer kleinen Bucht, was fr\u00fcher ein Fischerdorf \nwar. Der Ort ist vollkommen f\u00fcr ruhigen Urlaub in unverschmutzter und \nunber\u00fchrter Natur mit allem Reichtum des blauen, kristallklaren Meeres, \nohne Massenturismus. Nat\u00fcrliche Klimaeinfl\u00fcsse, besonders die \nLuftstr\u00f6mung vom Kroatiens h\u00f6chtsgebirge Velebit, wirken heilsam auf die\n Leute, denen eine Verbesserung des Gesundheitszustandes und Erholung \nvon Hektik&nbsp; und Stress notwendig sind&nbsp; &#8211; Der Ort ist ideal f\u00fcr \n\u201eBatterien f\u00fcllen\u201c.<\/p>\n\n\n\n<p>Mehr Bilder vom Baric Draga:<\/p>\n\n\n\n<div class=\"wp-block-columns has-2-columns is-layout-flex wp-container-core-columns-is-layout-9d6595d7 wp-block-columns-is-layout-flex\">\n<div class=\"wp-block-column is-layout-flow wp-block-column-is-layout-flow\">\n<figure class=\"wp-block-image\"><img decoding=\"async\" src=\"http:\/\/baricdraga.com.hr\/wp-content\/uploads\/2019\/01\/u2.jpg\" alt=\"\"\/><\/figure>\n<\/div>\n\n\n\n<div class=\"wp-block-column is-layout-flow wp-block-column-is-layout-flow\">\n<figure class=\"wp-block-image\"><img decoding=\"async\" src=\"http:\/\/baricdraga.com.hr\/wp-content\/uploads\/2019\/01\/u3.jpg\" alt=\"\"\/><\/figure>\n<\/div>\n<\/div>\n\n\n\n<div class=\"wp-block-columns has-2-columns is-layout-flex wp-container-core-columns-is-layout-9d6595d7 wp-block-columns-is-layout-flex\">\n<div class=\"wp-block-column is-layout-flow wp-block-column-is-layout-flow\">\n<figure class=\"wp-block-image\"><img decoding=\"async\" src=\"http:\/\/baricdraga.com.hr\/wp-content\/uploads\/2019\/01\/u4.jpg\" alt=\"\"\/><\/figure>\n<\/div>\n\n\n\n<div class=\"wp-block-column is-layout-flow wp-block-column-is-layout-flow\">\n<figure class=\"wp-block-image\"><img decoding=\"async\" src=\"http:\/\/baricdraga.com.hr\/wp-content\/uploads\/2019\/01\/u5.jpg\" alt=\"\"\/><\/figure>\n<\/div>\n<\/div>\n\n\n\n<p> K\u00fcche und Badezimmer mit hei\u00dfem Wasser. <\/p>\n\n\n\n<div class=\"wp-block-columns has-2-columns is-layout-flex wp-container-core-columns-is-layout-9d6595d7 wp-block-columns-is-layout-flex\">\n<div class=\"wp-block-column is-layout-flow wp-block-column-is-layout-flow\">\n<figure class=\"wp-block-image\"><img decoding=\"async\" src=\"http:\/\/baricdraga.com.hr\/wp-content\/uploads\/2019\/01\/u6.jpg\" alt=\"\"\/><\/figure>\n<\/div>\n\n\n\n<div class=\"wp-block-column is-layout-flow wp-block-column-is-layout-flow\">\n<figure class=\"wp-block-image\"><img decoding=\"async\" src=\"http:\/\/baricdraga.com.hr\/wp-content\/uploads\/2019\/01\/u7.jpg\" alt=\"\"\/><\/figure>\n<\/div>\n<\/div>\n\n\n\n<p>\nJeder Gast ist willkommen!<br><strong>M\u00f6gliche Buchung auf Telefon:<\/strong> +385 98 662146 <strong>Skype:<\/strong> mariod89<br><strong>E-mail:<\/strong><a href=\"mailto:rezervacije@baricdraga.com.hr\">rezervacije@baricdraga.com.hr<\/a><br><strong>FAX:<\/strong> +385 1 2331151\n\n<\/p>\n","protected":false},"excerpt":{"rendered":"<p>Das Haus liegt in der N\u00e4he des Strandes (100 m).Man sieht eine gr\u00fcne Fl\u00e4che mit vielen B\u00e4umen von der Terasse, etwas weiter das Meer und in weiter Ferne die Insel Pag. Der Ort Bari\u0107 Draga befindet sich in einer kleinen Bucht, was fr\u00fcher ein Fischerdorf war. Der Ort ist vollkommen f\u00fcr ruhigen Urlaub in unverschmutzter &hellip; <a href=\"https:\/\/baricdraga.com.hr\/?page_id=66&#038;lang=de\" class=\"more-link\">Nastavi \u010ditati<span class=\"screen-reader-text\"> &#8220;Genie\u00dfen Sie die Landschaft&#8221;<\/span><\/a><\/p>\n","protected":false},"author":2,"featured_media":0,"parent":0,"menu_order":0,"comment_status":"closed","ping_status":"closed","template":"","meta":{"footnotes":""},"class_list":["post-66","page","type-page","status-publish","hentry"],"_links":{"self":[{"href":"https:\/\/baricdraga.com.hr\/index.php?rest_route=\/wp\/v2\/pages\/66","targetHints":{"allow":["GET"]}}],"collection":[{"href":"https:\/\/baricdraga.com.hr\/index.php?rest_route=\/wp\/v2\/pages"}],"about":[{"href":"https:\/\/baricdraga.com.hr\/index.php?rest_route=\/wp\/v2\/types\/page"}],"author":[{"embeddable":true,"href":"https:\/\/baricdraga.com.hr\/index.php?rest_route=\/wp\/v2\/users\/2"}],"replies":[{"embeddable":true,"href":"https:\/\/baricdraga.com.hr\/index.php?rest_route=%2Fwp%2Fv2%2Fcomments&post=66"}],"version-history":[{"count":3,"href":"https:\/\/baricdraga.com.hr\/index.php?rest_route=\/wp\/v2\/pages\/66\/revisions"}],"predecessor-version":[{"id":120,"href":"https:\/\/baricdraga.com.hr\/index.php?rest_route=\/wp\/v2\/pages\/66\/revisions\/120"}],"wp:attachment":[{"href":"https:\/\/baricdraga.com.hr\/index.php?rest_route=%2Fwp%2Fv2%2Fmedia&parent=66"}],"curies":[{"name":"wp","href":"https:\/\/api.w.org\/{rel}","templated":true}]}}