{"id":68,"date":"2019-01-26T12:44:41","date_gmt":"2019-01-26T12:44:41","guid":{"rendered":"http:\/\/baricdraga.com.hr\/?page_id=68"},"modified":"2019-01-26T13:50:10","modified_gmt":"2019-01-26T13:50:10","slug":"kristallklares-meer","status":"publish","type":"page","link":"https:\/\/baricdraga.com.hr\/?page_id=68&lang=de","title":{"rendered":"Kristallklares Meer"},"content":{"rendered":"\n<div class=\"wp-block-image\"><figure class=\"aligncenter\"><img decoding=\"async\" src=\"http:\/\/baricdraga.com.hr\/wp-content\/uploads\/2019\/01\/k1.jpg\" alt=\"\"\/><\/figure><\/div>\n\n\n\n<p>Die kroatische Ministerium f\u00fcr Umwelt hat ihren Jahresbericht f\u00fcr 2008 \u00fcber die Qualit\u00e4t des Meerwassers an der kroatischen Adria-Str\u00e4nde ver\u00f6ffentlicht.<br><br> Die Pr\u00fcfung erfolgte auf 890 Punkte \u00fcber der kroatischen Adria und kein Punkt von verschmutztem Meerwasser gefunden wurde. Das Meerwasser in der kroatischen Adria ist mehr als zum Schwimmen geeignet und von hoher Qualit\u00e4t, die die strengen Kriterien der internationalen Richtlinien f\u00fcr die Qualit\u00e4t von Wasser auf Meer \/ Ozean Str\u00e4nde erf\u00fcllt.<br><br> Das Programm der \u00dcberwachung der Qualit\u00e4t von Wasser in den Ozean Str\u00e4nde begann vor fast zwanzig Jahren und im Laufe der Jahre hat es durch eine Reihe von Verbesserungen gef\u00fchrt. Das Programm testet die Qualit\u00e4t von Wasser in das Meer Str\u00e4nde aus den Haushalten der K\u00fcste Landkreisen finanziert werden. Testen darf nur von autorisierten und unabh\u00e4ngigen Labors durchgef\u00fchrt werden.<br><br> Die \u00dcberwachung der Qualit\u00e4t von Wasser enthalten Probenahme und Analyse von Meerwasser \u00fcber 890 verschiedenen Orten an der kroatischen Adria. Die meisten dieser Standorte sind zum Baden und Erholen von der \u00d6ffentlichkeit genutzt. Der Bericht wird j\u00e4hrlich informiert die \u00d6ffentlichkeit \u00fcber die Qualit\u00e4t des Meerwassers ver\u00f6ffentlicht.<br><br> Das Hauptziel dieser besonderen j\u00e4hrlichen Umfrage ist, die \u00f6ffentliche Gesundheit Bildung, nachhaltige Bewirtschaftung der Str\u00e4nde, um ihre nat\u00fcrlichen Eigenschaften und zeitnahe Identifizierung und Pr\u00e4vention von m\u00f6glichen Schadstoffquellen zu bewahren.<br><br> Die kroatische K\u00fcste ist fast 6000 Kilometer lang, voll von Sand-und Kiesstr\u00e4nde, die 5 vertreten, verf\u00fcgt \u00fcber 4% aller K\u00fcste und Umfrage nicht ein Gebiet an der kroatischen Adria, die nicht den strengen internationalen Richtlinien gefunden.<br><br> Quelle: Das Ministerium f\u00fcr Umwelt<\/p>\n","protected":false},"excerpt":{"rendered":"<p>Die kroatische Ministerium f\u00fcr Umwelt hat ihren Jahresbericht f\u00fcr 2008 \u00fcber die Qualit\u00e4t des Meerwassers an der kroatischen Adria-Str\u00e4nde ver\u00f6ffentlicht. Die Pr\u00fcfung erfolgte auf 890 Punkte \u00fcber der kroatischen Adria und kein Punkt von verschmutztem Meerwasser gefunden wurde. Das Meerwasser in der kroatischen Adria ist mehr als zum Schwimmen geeignet und von hoher Qualit\u00e4t, die &hellip; <a href=\"https:\/\/baricdraga.com.hr\/?page_id=68&#038;lang=de\" class=\"more-link\">Nastavi \u010ditati<span class=\"screen-reader-text\"> &#8220;Kristallklares Meer&#8221;<\/span><\/a><\/p>\n","protected":false},"author":2,"featured_media":0,"parent":0,"menu_order":0,"comment_status":"closed","ping_status":"closed","template":"","meta":{"footnotes":""},"class_list":["post-68","page","type-page","status-publish","hentry"],"_links":{"self":[{"href":"https:\/\/baricdraga.com.hr\/index.php?rest_route=\/wp\/v2\/pages\/68","targetHints":{"allow":["GET"]}}],"collection":[{"href":"https:\/\/baricdraga.com.hr\/index.php?rest_route=\/wp\/v2\/pages"}],"about":[{"href":"https:\/\/baricdraga.com.hr\/index.php?rest_route=\/wp\/v2\/types\/page"}],"author":[{"embeddable":true,"href":"https:\/\/baricdraga.com.hr\/index.php?rest_route=\/wp\/v2\/users\/2"}],"replies":[{"embeddable":true,"href":"https:\/\/baricdraga.com.hr\/index.php?rest_route=%2Fwp%2Fv2%2Fcomments&post=68"}],"version-history":[{"count":2,"href":"https:\/\/baricdraga.com.hr\/index.php?rest_route=\/wp\/v2\/pages\/68\/revisions"}],"predecessor-version":[{"id":124,"href":"https:\/\/baricdraga.com.hr\/index.php?rest_route=\/wp\/v2\/pages\/68\/revisions\/124"}],"wp:attachment":[{"href":"https:\/\/baricdraga.com.hr\/index.php?rest_route=%2Fwp%2Fv2%2Fmedia&parent=68"}],"curies":[{"name":"wp","href":"https:\/\/api.w.org\/{rel}","templated":true}]}}