{"id":70,"date":"2019-01-26T12:46:42","date_gmt":"2019-01-26T12:46:42","guid":{"rendered":"http:\/\/baricdraga.com.hr\/?page_id=70"},"modified":"2019-01-26T14:03:57","modified_gmt":"2019-01-26T14:03:57","slug":"herrlicher-blick","status":"publish","type":"page","link":"https:\/\/baricdraga.com.hr\/?page_id=70&lang=de","title":{"rendered":"Herrlicher Blick"},"content":{"rendered":"\n<div class=\"wp-block-image\"><figure class=\"aligncenter\"><img decoding=\"async\" src=\"http:\/\/baricdraga.com.hr\/wp-content\/uploads\/2019\/01\/p1.jpg\" alt=\"\"\/><\/figure><\/div>\n\n\n\n<p>\n145 km lang, 10-30km breit, 1,758km hoch: Das imposante Velebit ist mehr\n als eine Abwechslung zu der sonst k\u00fcstendominierten Landschaft \nDalmatiens \u2013 es ist eine eigene Welt. Das riesige Kalkgebirge bietet \nnicht nur Luchsen, Geiern und B\u00e4ren eine Heimat sondern dient auch \nFreeclimbern, Wanderern, Mountainbikern und Picknickern als Tummelplatz.<\/p>\n\n\n\n<p>Obwohl\n nur der n\u00f6rdliche Teil (109 qkm) seit 1999 kroatischer Nationalpark \nist, geh\u00f6rt das gesamte Gebirgsmassiv seit 1978 zum UNESCO \nBiosph\u00e4renreservat. Und damit die einmalige Landschaft auch f\u00fcr k\u00fcnftige\n Generationen erhalten wird, ist das Stra\u00dfennetz recht d\u00fcrftig, die \nWanderwege aber gut beschriftet und weitaus zahlreicher.<\/p>\n\n\n\n<div class=\"wp-block-image\"><figure class=\"alignright\"><img decoding=\"async\" src=\"http:\/\/baricdraga.com.hr\/wp-content\/uploads\/2019\/01\/p2.gif\" alt=\"\"\/><\/figure><\/div>\n\n\n\n<p><strong>Sehensw\u00fcrdigkeiten<\/strong><br>Zwischen\n Senj und Gospic, Otocac und Gracac wirkt es, als wollten die schroffen \nFelsformationen die K\u00fcstenstra\u00dfe gewaltsam abdr\u00e4ngen, w\u00e4hrend auf der \ndem Land zugewandten Seite in mediterraner Atmosph\u00e4re Rotbuchen, \nLatschenkiefern und seltene Blumen gedeihen. Ab und zu tritt ein kleiner\n Bach zu Tage und verschwindet nach wenigen Metern wieder gurgelnd im \nErdgrund.<br>Und wer bisher gerne in den Alpen oder anderen \u201etypischen\u201c \nGebirgen gewandert ist, kann hier etwas ganz neues entdecken: \u201ePoljen\u201c \ntreten hier an die Stelle gewohnter T\u00e4ler zwischen den Bergh\u00e4ngen. \nPoljen sind kreisrunde oder ellipsenf\u00f6rmige Absenkungen im Boden, die \nohne sanfte \u00fcberg\u00e4nge wie in den Grund \u201egestempelt\u201c wirken und ein wenig\n an die ber\u00fchmten Kornkreise erinnern.<br>Die W\u00e4nde der Poljen zeigen \ndie Ablagerungen und Verschiebungen des Jahrtausendealten Massivs weit \npr\u00e4ziser als jeder Bergwand, und wer sicher ist, auch wieder \nhinausklettern zu k\u00f6nnen, sollte auf jeden Fall in den ein oder anderen \nKrater hinabsteigen um das ungewohnte Panorama auf sich wirken zu \nlassen.<\/p>\n\n\n\n<div class=\"wp-block-image\"><figure class=\"alignleft\"><img decoding=\"async\" src=\"http:\/\/baricdraga.com.hr\/wp-content\/uploads\/2019\/01\/p3.gif\" alt=\"\"\/><\/figure><\/div>\n\n\n\n<p><strong>Naturschutz<\/strong><br>Auf dem bergigen Gel\u00e4nde \nder Velebit-Gipfel wurde der Nationalpark Paklenica gegr\u00fcndet. Hier \nbietet man B\u00e4ren H\u00f6hlen zum \u00fcberwintern, stellt Brutpl\u00e4tze f\u00fcr \nG\u00e4nsegeier sicher und tut auch sonst alles, um die Tiere die N\u00e4he der \nMenschen m\u00f6glichst wenig sp\u00fcren zu lassen. Dazu geh\u00f6rt auch, dass \nBrutpl\u00e4tze und Jagdreviere Besuchern unter keinen Umst\u00e4nden mitgeteilt \nwerden.<br>Aber auch au\u00dferhalb der bewachten Nationalparks wird \nNaturschutz gro\u00df geschrieben: Bitte verlassen Sie darum nicht die \nausgezeichneten Stra\u00dfen und Wanderwege und hinterlassen Sie keine \nAbf\u00e4lle.<\/p>\n\n\n\n<div class=\"wp-block-image\"><figure class=\"alignleft\"><img decoding=\"async\" src=\"http:\/\/baricdraga.com.hr\/wp-content\/uploads\/2019\/01\/p4.gif\" alt=\"\"\/><\/figure><\/div>\n\n\n\n<p><strong>Insidertipps<\/strong><br>Wenn sie an allen \nkleinen Gebirgsseitenstra\u00dfen zwischen Sveti Juraj und Otocac richtig \nabbiegen, werden auch Sie den Botanischen Garten des Velebit-Gebirges \nfinden. Der Velebitski Botanicki Vrt erkl\u00e4rt auf Naturlehrpfaden recht \nanschaulich das \u00f6kosystem, Flora, Fauna und Entstehung des Velebit. Und \nwem das zu intellektuell ist, der kann sich ja an den Kletterw\u00e4nden \naustoben\u2026 So rau und wechselhaft die Landschaft ist, so ist auch das \nWetter: Im Winter pfeift der Bora-Wind \u00fcber die Gipfel, Schneefall ist \nnicht un\u00fcblich und auch im Sommer muss man mit spontanen \nWetterumschw\u00fcngen rechnen. Daher empfehlen wir, auf l\u00e4ngeren Wanderungen\n immer einen Extra-Pullover mitzunehmen.\n\n<\/p>\n","protected":false},"excerpt":{"rendered":"<p>145 km lang, 10-30km breit, 1,758km hoch: Das imposante Velebit ist mehr als eine Abwechslung zu der sonst k\u00fcstendominierten Landschaft Dalmatiens \u2013 es ist eine eigene Welt. Das riesige Kalkgebirge bietet nicht nur Luchsen, Geiern und B\u00e4ren eine Heimat sondern dient auch Freeclimbern, Wanderern, Mountainbikern und Picknickern als Tummelplatz. Obwohl nur der n\u00f6rdliche Teil (109 &hellip; <a href=\"https:\/\/baricdraga.com.hr\/?page_id=70&#038;lang=de\" class=\"more-link\">Nastavi \u010ditati<span class=\"screen-reader-text\"> &#8220;Herrlicher Blick&#8221;<\/span><\/a><\/p>\n","protected":false},"author":2,"featured_media":0,"parent":0,"menu_order":0,"comment_status":"closed","ping_status":"closed","template":"","meta":{"footnotes":""},"class_list":["post-70","page","type-page","status-publish","hentry"],"_links":{"self":[{"href":"https:\/\/baricdraga.com.hr\/index.php?rest_route=\/wp\/v2\/pages\/70","targetHints":{"allow":["GET"]}}],"collection":[{"href":"https:\/\/baricdraga.com.hr\/index.php?rest_route=\/wp\/v2\/pages"}],"about":[{"href":"https:\/\/baricdraga.com.hr\/index.php?rest_route=\/wp\/v2\/types\/page"}],"author":[{"embeddable":true,"href":"https:\/\/baricdraga.com.hr\/index.php?rest_route=\/wp\/v2\/users\/2"}],"replies":[{"embeddable":true,"href":"https:\/\/baricdraga.com.hr\/index.php?rest_route=%2Fwp%2Fv2%2Fcomments&post=70"}],"version-history":[{"count":4,"href":"https:\/\/baricdraga.com.hr\/index.php?rest_route=\/wp\/v2\/pages\/70\/revisions"}],"predecessor-version":[{"id":146,"href":"https:\/\/baricdraga.com.hr\/index.php?rest_route=\/wp\/v2\/pages\/70\/revisions\/146"}],"wp:attachment":[{"href":"https:\/\/baricdraga.com.hr\/index.php?rest_route=%2Fwp%2Fv2%2Fmedia&parent=70"}],"curies":[{"name":"wp","href":"https:\/\/api.w.org\/{rel}","templated":true}]}}