{"id":72,"date":"2019-01-26T12:47:06","date_gmt":"2019-01-26T12:47:06","guid":{"rendered":"http:\/\/baricdraga.com.hr\/?page_id=72"},"modified":"2019-01-26T14:15:14","modified_gmt":"2019-01-26T14:15:14","slug":"die-adria","status":"publish","type":"page","link":"https:\/\/baricdraga.com.hr\/?page_id=72&lang=de","title":{"rendered":"Die Adria"},"content":{"rendered":"\n<div class=\"wp-block-image\"><figure class=\"aligncenter\"><img decoding=\"async\" src=\"http:\/\/baricdraga.com.hr\/wp-content\/uploads\/2019\/01\/j1.jpg\" alt=\"\"\/><\/figure><\/div>\n\n\n\n<p>Das <strong>Adriatische Meer<\/strong>, kurz auch die <strong>Adria<\/strong> (<a href=\"http:\/\/de.wikipedia.org\/wiki\/Latein\">lateinisch<\/a> <em>Mare Adriaticum<\/em>, <a href=\"http:\/\/de.wikipedia.org\/wiki\/Italienische_Sprache\">italienisch<\/a>: <em>Mare Adriatico<\/em>, in den s\u00fcdslawischen Sprachen <em>Jadransko more<\/em> oder schlicht <em>Jadran<\/em>, <a href=\"http:\/\/de.wikipedia.org\/wiki\/Slowenische_Sprache\">slowenisch<\/a>: <em>Jadransko morje<\/em>, <a href=\"http:\/\/de.wikipedia.org\/wiki\/Albanische_Sprache\">albanisch<\/a>: <em>Deti Adriatik<\/em>), ist das lang gestreckte n\u00f6rdliche Seitenbecken des <a href=\"http:\/\/de.wikipedia.org\/wiki\/Mittelmeer\">Mittelmeeres<\/a>, das nach der Stadt <a href=\"http:\/\/de.wikipedia.org\/wiki\/Adria_%28Venetien%29\">Adria<\/a> in Italien (Provinz <a href=\"http:\/\/de.wikipedia.org\/wiki\/Provinz_Rovigo\">Rovigo<\/a>) benannt ist. Zum Adriatischen Meer wird alles gerechnet, was n\u00f6rdlich der <a href=\"http:\/\/de.wikipedia.org\/wiki\/Stra%C3%9Fe_von_Otranto\">Stra\u00dfe von Otranto<\/a> liegt. Es trennt die <a href=\"http:\/\/de.wikipedia.org\/wiki\/Apenninhalbinsel\">Apenninhalbinsel<\/a> von der <a href=\"http:\/\/de.wikipedia.org\/wiki\/Balkanhalbinsel\">Balkanhalbinsel<\/a>.<\/p>\n\n\n\n<p>Anrainerstaaten sind <a href=\"http:\/\/de.wikipedia.org\/wiki\/Italien\">Italien<\/a>, <a href=\"http:\/\/de.wikipedia.org\/wiki\/Slowenien\">Slowenien<\/a>, <a href=\"http:\/\/de.wikipedia.org\/wiki\/Kroatien\">Kroatien<\/a>, <a href=\"http:\/\/de.wikipedia.org\/wiki\/Bosnien_und_Herzegowina\">Bosnien und Herzegowina<\/a> (beim Ort <a href=\"http:\/\/de.wikipedia.org\/wiki\/Neum\">Neum<\/a>), <a href=\"http:\/\/de.wikipedia.org\/wiki\/Montenegro\">Montenegro<\/a> und <a href=\"http:\/\/de.wikipedia.org\/wiki\/Albanien\">Albanien<\/a>.<\/p>\n\n\n\n<h2 class=\"wp-block-heading\"><strong>Lage, Ausma\u00dfe und Klima<\/strong><\/h2>\n\n\n\n<p>Das Adriatische Meer ist von Nordwest \nbis S\u00fcdost 820 Kilometer lang  und durchschnittlich 160 km breit. Die \ngr\u00f6\u00dfte Breite betr\u00e4gt etwa 220  Kilometer. Es bedeckt eine Fl\u00e4che von \n132.000 <a href=\"http:\/\/de.wikipedia.org\/wiki\/Quadratkilometer\">Quadratkilometern<\/a>\n und ist im Nordbecken (n\u00f6rdlich des Vorgebirges Monte Gargano)  \ndurchschnittlich zwischen 40 und 200 Meter tief. Der s\u00fcdliche Teil ist  \nbedeutend tiefer und erreicht zwischen <a href=\"http:\/\/de.wikipedia.org\/wiki\/Durr%C3%ABs\">Durr\u00ebs<\/a> und <a href=\"http:\/\/de.wikipedia.org\/wiki\/Bari\">Bari<\/a> mit 1.260 Metern seine gr\u00f6\u00dfte Tiefe. Den s\u00fcdlichen Abschluss des Meeres bildet die <a href=\"http:\/\/de.wikipedia.org\/wiki\/Stra%C3%9Fe_von_Otranto\">Stra\u00dfe von Otranto<\/a>,\n  wo der Abstand zwischen Italien und Albanien 71&nbsp;Kilometer betr\u00e4gt. \nSein  Salzgehalt betr\u00e4gt im M\u00fcndungsgebiet der gro\u00dfen Fl\u00fcsse etwa 2,5&nbsp;% \n (Oberfl\u00e4chenwasser) und nimmt nach S\u00fcden bis 3,9&nbsp;% zu.<sup><a href=\"http:\/\/de.wikipedia.org\/wiki\/Adriatisches_Meer#cite_note-0\">[1]<\/a><\/sup><\/p>\n\n\n\n<p>Der Nordteil ist flach mit zahlreichen <a href=\"http:\/\/de.wikipedia.org\/wiki\/Lagune\">Lagunen<\/a>. Die italienische Ostk\u00fcste wird ab dem <a href=\"http:\/\/de.wikipedia.org\/wiki\/Po_%28Fluss%29\">Po<\/a>-Delta\n  s\u00fcdw\u00e4rts zunehmend bergiger, wobei die K\u00fcstenlinie selbst relativ  \ngerade und praktisch ohne vorgelagerte Inseln verl\u00e4uft. Lediglich das in\n  <a href=\"http:\/\/de.wikipedia.org\/wiki\/Apulien\">Apulien<\/a> gelegene <a href=\"http:\/\/de.wikipedia.org\/wiki\/Gargano\">Gargano<\/a>-Gebirge\n  ragt als Halbinsel etwa 50&nbsp;Kilometer nach Osten in die Adria hinein.  \nDie Ostk\u00fcste, in die die vorwiegend kroatische Halbinsel <a href=\"http:\/\/de.wikipedia.org\/wiki\/Istrien\">Istrien<\/a> hineinragt, ist gebirgig und stark gegliedert mit zahlreichen <a href=\"http:\/\/de.wikipedia.org\/wiki\/Insel\">Inseln<\/a>. Den Hauptteil der Ostk\u00fcste nimmt die s\u00fcdkroatische Landschaft <a href=\"http:\/\/de.wikipedia.org\/wiki\/Dalmatien\">Dalmatien<\/a> ein.<\/p>\n\n\n\n<p>Die <a href=\"http:\/\/de.wikipedia.org\/wiki\/Kroatische_Riviera\">K\u00fcste Kroatiens<\/a> ist reich zergliedert und bildet \u00fcber tausend <a href=\"http:\/\/de.wikipedia.org\/wiki\/Kroatische_Inseln\">Inseln<\/a>.<\/p>\n\n\n\n<p>Die <a href=\"http:\/\/de.wikipedia.org\/wiki\/Bucht_von_Kotor\">Bucht von Kotor<\/a> in Montenegro bildet mit etwa 30 Kilometern L\u00e4nge die Gr\u00f6\u00dfte des Meeres. Der \u00e4u\u00dferste S\u00fcdosten ist wiederum flach und sumpfig.<\/p>\n\n\n\n<p>S\u00fcdlich von <a href=\"http:\/\/de.wikipedia.org\/wiki\/Shkodra\">Shkodra<\/a> in Albanien erstreckt sich entlang der K\u00fcste des <a href=\"http:\/\/de.wikipedia.org\/wiki\/Drin-Golf\">Drin-Golfs<\/a> und auch weiter s\u00fcdlich ein breites Tiefland mit vielen, teils unber\u00fchrten <a href=\"http:\/\/de.wikipedia.org\/wiki\/Strand\">Sandstr\u00e4nden<\/a>. Bei vielen Flussm\u00fcndungen haben sich langgestreckte <a href=\"http:\/\/de.wikipedia.org\/wiki\/Lagune\">Lagunen<\/a> gebildet. Bei <a href=\"http:\/\/de.wikipedia.org\/wiki\/Vlora\">Vlora<\/a> endet die Adriak\u00fcste, s\u00fcdlich der Stadt f\u00e4ngt die <a href=\"http:\/\/de.wikipedia.org\/wiki\/Albanische_Riviera\">Albanische Riviera<\/a> entlang des <a href=\"http:\/\/de.wikipedia.org\/wiki\/Ionisches_Meer\">Ionischen Meeres<\/a> an.<\/p>\n\n\n\n<p>Das Klima ist durch sehr warme, \nregenarme und trockene Sommer und  milde, zum Teil regenreiche und \nfeuchte Winter gekennzeichnet. Im Sommer  herrschen best\u00e4ndige, schwach \nwindige Wetterlagen vor. Im Winter steht  das Adriagebiet unter dem \nEinfluss von Tiefdruckgebieten aus dem <a href=\"http:\/\/de.wikipedia.org\/wiki\/Atlantischer_Ozean\">Atlantik<\/a>. Dadurch kommt es gelegentlich zu warmen S\u00fcdwinden (<a href=\"http:\/\/de.wikipedia.org\/wiki\/Scirocco\">Scirocco<\/a>) und kalten Nordwinden (<a href=\"http:\/\/de.wikipedia.org\/wiki\/Mistral_%28Wind%29\">Mistral<\/a> und der <a href=\"http:\/\/de.wikipedia.org\/wiki\/Bora_%28Wind%29\">Bora\/Bura<\/a>).<\/p>\n\n\n\n<h2 class=\"wp-block-heading\"><strong>Tourismus und Umweltschutz<\/strong><\/h2>\n\n\n\n<p>Wirtschaftlich ist der <a href=\"http:\/\/de.wikipedia.org\/wiki\/Fremdenverkehr\">Tourismus<\/a>\n f\u00fcr die Anrainerstaaten von Bedeutung. Viele Badeorte an diesem Meer  \nsind europaweit bekannt, einige sogar weltweit. Entlang der Ostk\u00fcste  \nverl\u00e4uft die <a href=\"http:\/\/de.wikipedia.org\/wiki\/Adriatische_K%C3%BCstenstra%C3%9Fe\">Adriatische K\u00fcstenstra\u00dfe<\/a>.<\/p>\n\n\n\n<ul class=\"wp-block-list\"><li><a href=\"http:\/\/de.wikipedia.org\/wiki\/Italien\">Italien<\/a>: <a href=\"http:\/\/de.wikipedia.org\/wiki\/Venedig\">Venedig<\/a>, <a href=\"http:\/\/de.wikipedia.org\/wiki\/Ravenna\">Ravenna<\/a>, <a href=\"http:\/\/de.wikipedia.org\/wiki\/Rimini\">Rimini<\/a>, <a href=\"http:\/\/de.wikipedia.org\/wiki\/Chioggia\">Chioggia<\/a>, <a href=\"http:\/\/de.wikipedia.org\/wiki\/Eraclea_Mare\">Eraclea Mare<\/a>, <a href=\"http:\/\/de.wikipedia.org\/wiki\/Jesolo\">Jesolo<\/a>, <a href=\"http:\/\/de.wikipedia.org\/wiki\/Caorle\">Caorle<\/a>, <a href=\"http:\/\/de.wikipedia.org\/wiki\/Bibione\">Bibione<\/a>, <a href=\"http:\/\/de.wikipedia.org\/wiki\/Grado\">Grado<\/a>, <a href=\"http:\/\/de.wikipedia.org\/wiki\/Ancona\">Ancona<\/a>, <a href=\"http:\/\/de.wikipedia.org\/wiki\/San_Benedetto_del_Tronto\">San Benedetto del Tronto<\/a>, <a href=\"http:\/\/de.wikipedia.org\/wiki\/Giulianova\">Giulianova<\/a>, <a href=\"http:\/\/de.wikipedia.org\/wiki\/Pescara\">Pescara<\/a>, <a href=\"http:\/\/de.wikipedia.org\/wiki\/Vasto\">Vasto<\/a>, <a href=\"http:\/\/de.wikipedia.org\/wiki\/Termoli\">Termoli<\/a>, <a href=\"http:\/\/de.wikipedia.org\/wiki\/Vieste\">Vieste<\/a>, <a href=\"http:\/\/de.wikipedia.org\/wiki\/Trani\">Trani<\/a>, <a href=\"http:\/\/de.wikipedia.org\/wiki\/Otranto\">Otranto<\/a>.<\/li><li><a href=\"http:\/\/de.wikipedia.org\/wiki\/Kroatien\">Kroatien<\/a>: <a href=\"http:\/\/de.wikipedia.org\/wiki\/Dubrovnik\">Dubrovnik<\/a>, <a href=\"http:\/\/de.wikipedia.org\/wiki\/Rovinj\">Rovinj<\/a>, <a href=\"http:\/\/de.wikipedia.org\/wiki\/Pore%C4%8D\">Pore\u010d<\/a>, <a href=\"http:\/\/de.wikipedia.org\/wiki\/Pula\">Pula<\/a>, <a href=\"http:\/\/de.wikipedia.org\/wiki\/Opatija\">Opatija<\/a>, die <a href=\"http:\/\/de.wikipedia.org\/wiki\/Kroatische_Inseln\">kroatischen Inseln<\/a>, <a href=\"http:\/\/de.wikipedia.org\/wiki\/Zadar\">Zadar<\/a>, <a href=\"http:\/\/de.wikipedia.org\/wiki\/%C5%A0ibenik\">\u0160ibenik<\/a>, <a href=\"http:\/\/de.wikipedia.org\/wiki\/Trogir\">Trogir<\/a>, <a href=\"http:\/\/de.wikipedia.org\/wiki\/Split\">Split<\/a> und die <a href=\"http:\/\/de.wikipedia.org\/wiki\/Makarska\">Makarska<\/a>-Rivijera<\/li><li><a href=\"http:\/\/de.wikipedia.org\/wiki\/Slowenien\">Slowenien<\/a>: <a href=\"http:\/\/de.wikipedia.org\/wiki\/Portoro%C5%BE\">Portoro\u017e<\/a>, <a href=\"http:\/\/de.wikipedia.org\/wiki\/Izola\">Izola<\/a>, <a href=\"http:\/\/de.wikipedia.org\/wiki\/Koper\">Koper<\/a> und <a href=\"http:\/\/de.wikipedia.org\/wiki\/Piran\">Piran<\/a><\/li><li><a href=\"http:\/\/de.wikipedia.org\/wiki\/Montenegro\">Montenegro<\/a>: <a href=\"http:\/\/de.wikipedia.org\/wiki\/Budva\">Budva<\/a>, <a href=\"http:\/\/de.wikipedia.org\/wiki\/Herceg_Novi\">Herceg Novi<\/a>, <a href=\"http:\/\/de.wikipedia.org\/wiki\/Ulcinj\">Ulcinj<\/a><\/li><li><a href=\"http:\/\/de.wikipedia.org\/wiki\/Bosnien_und_Herzegowina\">Bosnien und Herzegowina<\/a>: die Stadt <a href=\"http:\/\/de.wikipedia.org\/wiki\/Neum\">Neum<\/a><\/li><li><a href=\"http:\/\/de.wikipedia.org\/wiki\/Albanien\">Albanien<\/a>: <a href=\"http:\/\/de.wikipedia.org\/wiki\/Durr%C3%ABs\">Durr\u00ebs<\/a>, <a href=\"http:\/\/de.wikipedia.org\/wiki\/Vlora\">Vlora<\/a>, <a href=\"http:\/\/de.wikipedia.org\/wiki\/Kavaja\">Kavaja<\/a>, <a href=\"http:\/\/de.wikipedia.org\/wiki\/Velipoja\">Velipoja<\/a> und <a href=\"http:\/\/de.wikipedia.org\/wiki\/Sh%C3%ABngjin\">Sh\u00ebngjin<\/a><\/li><\/ul>\n\n\n\n<p>Die <a href=\"http:\/\/de.wikipedia.org\/wiki\/Meeresstr%C3%B6mung\">Meeresstr\u00f6mung<\/a>\n verl\u00e4uft entlang der Ostk\u00fcste in n\u00f6rdlicher und entlang der Westk\u00fcste  \nin s\u00fcdlicher Richtung. Entlang der Ostk\u00fcste m\u00fcnden einige wenige  \nKarstfl\u00fcsse in die Adria und die Belastung durch Umweltverschmutzung ist\n  geringer als entlang der Westk\u00fcste. Da die n\u00f6rdliche Adria eine  \n\u201eSackgasse\u201c ist, findet dort relativ wenig Wasseraustausch mit dem Rest \n des Mittelmeeres statt. Seit 30 Jahren st\u00f6rt die Industrie das labile  \nGleichgewicht der Meeresstr\u00f6mung aus dem Norden, den Zufl\u00fcssen aus den  \nGebirgen und des gefilterten Meerwasser aus dem Boden, so entl\u00e4sst der  \nFluss <a href=\"http:\/\/de.wikipedia.org\/wiki\/Po_%28Fluss%29\">Po<\/a> j\u00e4hrlich 50 Mrd. <a href=\"http:\/\/de.wikipedia.org\/wiki\/Kubikmeter\">Kubikmeter<\/a> stark belastetes Wasser in die westliche Adriaseite (<a href=\"http:\/\/de.wikipedia.org\/wiki\/Zinn\">Zinn<\/a>, <a href=\"http:\/\/de.wikipedia.org\/wiki\/Zink\">Zink<\/a>, <a href=\"http:\/\/de.wikipedia.org\/wiki\/Blei\">Blei<\/a>, <a href=\"http:\/\/de.wikipedia.org\/wiki\/Chrom\">Chrom<\/a>, <a href=\"http:\/\/de.wikipedia.org\/wiki\/Kupfer\">Kupfer<\/a>, <a href=\"http:\/\/de.wikipedia.org\/wiki\/Arsen\">Arsen<\/a>, <a href=\"http:\/\/de.wikipedia.org\/wiki\/Quecksilber\">Quecksilber<\/a> und <a href=\"http:\/\/de.wikipedia.org\/wiki\/%C3%96le\">\u00d6l<\/a>), insgesamt transportiert der Fluss heute doppelt so viele N\u00e4hrsalze wie noch vor zehn Jahren.<\/p>\n\n\n\n<p>Im Gegensatz hierzu war die Wasserqualit\u00e4t im Jahr 2004 bei einem vom <a href=\"http:\/\/de.wikipedia.org\/wiki\/ADAC\">ADAC<\/a> beauftragten Test abseits der Po-M\u00fcndung an der italienischen und an der kroatischen K\u00fcste weitestgehend gut bis sehr gut.<sup><a href=\"http:\/\/de.wikipedia.org\/wiki\/Adriatisches_Meer#cite_note-1\">[2]<\/a><\/sup><\/p>\n\n\n\n<p>Zunehmend ger\u00e4t die Adria in den Blickpunkt des Umweltschutzes und des m\u00f6glichen <a href=\"http:\/\/de.wikipedia.org\/wiki\/Globale_Erw%C3%A4rmung\">Klimawandels<\/a>.\n  Sichtbarste Zeichen sind die Zunahme an tropischem Fischbestand sowie \n zunehmende Algen- und Quallenplagen. Der italienische Umweltminister <a href=\"http:\/\/de.wikipedia.org\/wiki\/Alfonso_Pecoraro_Scanio\">Alfonso Pecoraro Scanio<\/a>\n warnte, dass Klimaerw\u00e4rmung und Umweltverschmutzung \u201edie Adria zu einem\n  geschlossenen Becken machen, in dem es bereits in 150&nbsp;Metern Tiefe \nkein  Leben mehr gibt\u201c. Im September 2007 war die Adria ein Thema der \nersten  nationalen italienischen Konferenz zur Klimaerw\u00e4rmung in Rom.<\/p>\n","protected":false},"excerpt":{"rendered":"<p>Das Adriatische Meer, kurz auch die Adria (lateinisch Mare Adriaticum, italienisch: Mare Adriatico, in den s\u00fcdslawischen Sprachen Jadransko more oder schlicht Jadran, slowenisch: Jadransko morje, albanisch: Deti Adriatik), ist das lang gestreckte n\u00f6rdliche Seitenbecken des Mittelmeeres, das nach der Stadt Adria in Italien (Provinz Rovigo) benannt ist. Zum Adriatischen Meer wird alles gerechnet, was n\u00f6rdlich &hellip; <a href=\"https:\/\/baricdraga.com.hr\/?page_id=72&#038;lang=de\" class=\"more-link\">Nastavi \u010ditati<span class=\"screen-reader-text\"> &#8220;Die Adria&#8221;<\/span><\/a><\/p>\n","protected":false},"author":2,"featured_media":0,"parent":0,"menu_order":0,"comment_status":"closed","ping_status":"closed","template":"","meta":{"footnotes":""},"class_list":["post-72","page","type-page","status-publish","hentry"],"_links":{"self":[{"href":"https:\/\/baricdraga.com.hr\/index.php?rest_route=\/wp\/v2\/pages\/72","targetHints":{"allow":["GET"]}}],"collection":[{"href":"https:\/\/baricdraga.com.hr\/index.php?rest_route=\/wp\/v2\/pages"}],"about":[{"href":"https:\/\/baricdraga.com.hr\/index.php?rest_route=\/wp\/v2\/types\/page"}],"author":[{"embeddable":true,"href":"https:\/\/baricdraga.com.hr\/index.php?rest_route=\/wp\/v2\/users\/2"}],"replies":[{"embeddable":true,"href":"https:\/\/baricdraga.com.hr\/index.php?rest_route=%2Fwp%2Fv2%2Fcomments&post=72"}],"version-history":[{"count":2,"href":"https:\/\/baricdraga.com.hr\/index.php?rest_route=\/wp\/v2\/pages\/72\/revisions"}],"predecessor-version":[{"id":162,"href":"https:\/\/baricdraga.com.hr\/index.php?rest_route=\/wp\/v2\/pages\/72\/revisions\/162"}],"wp:attachment":[{"href":"https:\/\/baricdraga.com.hr\/index.php?rest_route=%2Fwp%2Fv2%2Fmedia&parent=72"}],"curies":[{"name":"wp","href":"https:\/\/api.w.org\/{rel}","templated":true}]}}